{"id":104846,"date":"2022-10-24T15:06:26","date_gmt":"2022-10-24T15:06:26","guid":{"rendered":"https:\/\/mariaemayer.com\/?page_id=104846"},"modified":"2023-01-11T15:08:54","modified_gmt":"2023-01-11T15:08:54","slug":"capitaes-do-acucar","status":"publish","type":"page","link":"https:\/\/mariaemayer.com\/en\/tv\/capitaes-do-acucar\/","title":{"rendered":"Capit\u00e3es do A\u00e7\u00facar"},"content":{"rendered":"<div class=\"wpb-content-wrapper\"><p>[vc_row unlock_row_content=&#8221;yes&#8221; row_height_percent=&#8221;0&#8243; override_padding=&#8221;yes&#8221; h_padding=&#8221;0&#8243; top_padding=&#8221;0&#8243; bottom_padding=&#8221;0&#8243; overlay_alpha=&#8221;50&#8243; gutter_size=&#8221;0&#8243; column_width_percent=&#8221;100&#8243; shift_y=&#8221;0&#8243; z_index=&#8221;0&#8243; auto_height_device=&#8221;yes&#8221; uncode_shortcode_id=&#8221;206883&#8243;][vc_column width=&#8221;1\/1&#8243;][vc_raw_html]JTNDZGl2JTIwc3R5bGUlM0QlMjJwYWRkaW5nJTNBNTYuMjUlMjUlMjAwJTIwMCUyMDAlM0Jwb3NpdGlvbiUzQXJlbGF0aXZlJTNCJTIyJTNFJTNDaWZyYW1lJTIwc3JjJTNEJTIyaHR0cHMlM0ElMkYlMkZwbGF5ZXIudmltZW8uY29tJTJGdmlkZW8lMkY3NDgwMTIxMjQlM0ZoJTNENGZhMDcwOGQzYSUyNmFtcCUzQmJhZGdlJTNEMCUyNmFtcCUzQmF1dG9wYXVzZSUzRDAlMjZhbXAlM0JwbGF5ZXJfaWQlM0QwJTI2YW1wJTNCYXBwX2lkJTNENTg0NzklMjIlMjBmcmFtZWJvcmRlciUzRCUyMjAlMjIlMjBhbGxvdyUzRCUyMmF1dG9wbGF5JTNCJTIwZnVsbHNjcmVlbiUzQiUyMHBpY3R1cmUtaW4tcGljdHVyZSUyMiUyMGFsbG93ZnVsbHNjcmVlbiUyMHN0eWxlJTNEJTIycG9zaXRpb24lM0FhYnNvbHV0ZSUzQnRvcCUzQTAlM0JsZWZ0JTNBMCUzQndpZHRoJTNBMTAwJTI1JTNCaGVpZ2h0JTNBMTAwJTI1JTNCJTIyJTIwdGl0bGUlM0QlMjJDQVBJVEFFUyUyMERPJTIwQUNVQ0FSX1RSQUlMRVIlMjIlM0UlM0MlMkZpZnJhbWUlM0UlM0MlMkZkaXYlM0UlM0NzY3JpcHQlMjBzcmMlM0QlMjJodHRwcyUzQSUyRiUyRnBsYXllci52aW1lby5jb20lMkZhcGklMkZwbGF5ZXIuanMlMjIlM0UlM0MlMkZzY3JpcHQlM0U=[\/vc_raw_html][\/vc_column][\/vc_row][vc_row unlock_row_content=&#8221;yes&#8221; row_height_percent=&#8221;0&#8243; override_padding=&#8221;yes&#8221; h_padding=&#8221;5&#8243; top_padding=&#8221;2&#8243; bottom_padding=&#8221;3&#8243; back_color=&#8221;color-xsdn&#8221; overlay_alpha=&#8221;50&#8243; gutter_size=&#8221;3&#8243; column_width_percent=&#8221;100&#8243; shift_y=&#8221;0&#8243; z_index=&#8221;0&#8243; uncode_shortcode_id=&#8221;121320&#8243; back_color_type=&#8221;uncode-palette&#8221;][vc_column column_width_percent=&#8221;100&#8243; gutter_size=&#8221;1&#8243; style=&#8221;light&#8221; overlay_alpha=&#8221;50&#8243; shift_x=&#8221;0&#8243; shift_y=&#8221;0&#8243; shift_y_down=&#8221;0&#8243; z_index=&#8221;0&#8243; medium_width=&#8221;0&#8243; mobile_width=&#8221;0&#8243; width=&#8221;2\/3&#8243; uncode_shortcode_id=&#8221;145965&#8243;][uncode_breadcrumbs][vc_empty_space empty_h=&#8221;2&#8243;][vc_custom_heading text_color=&#8221;color-jevc&#8221; text_size=&#8221;fontsize-155944&#8243; text_weight=&#8221;400&#8243; uncode_shortcode_id=&#8221;903974&#8243; text_color_type=&#8221;uncode-palette&#8221;]Capit\u00e3es do A\u00e7\u00facar[\/vc_custom_heading][vc_custom_heading text_weight=&#8221;300&#8243; uncode_shortcode_id=&#8221;211007&#8243;]<strong>Ano:<\/strong>\u00a02023\u00a0<strong>Cliente:<\/strong>\u00a0RTP[\/vc_custom_heading][vc_empty_space empty_h=&#8221;2&#8243;][vc_custom_heading text_size=&#8221;h4&#8243; text_weight=&#8221;700&#8243; uncode_shortcode_id=&#8221;757335&#8243;]Sinopse[\/vc_custom_heading][vc_column_text uncode_shortcode_id=&#8221;183902&#8243;]<\/p>\n<div id=\"Content\">\n<div class=\"boxed\">\n<div id=\"lipsum\">\n<p><span style=\"color: #000000;\">Bernardo, a young pharmaceutical sciences student, lives alone with his younger sister with no family support. Dividing his days between his studies and a part time job in a greasy restaurant, he sees an opportunity to change his precarious financial situation when he receives an unexpected invitation from Neves, Antunes and Cruz &#8211; a group of young fine art students who, in parallel, are involved in a scheme of production and distribution of a psychotropic substance called Sugar. The Sugar Captains, as they call themselves, have lost their main element &#8211; the \u201ccook\u201d &#8211; and place their hopes in Bernardo. Pressured and threatened by Raposo, an unscrupulous criminal, and in the grip of a police chase, a series of accidents and failures in the production of the drugs will put their lives at risk and potentiate the revelation of the secrets behind the discovery of this mysterious substance. <\/span><\/p>\n<p>&nbsp;<\/p>\n<\/div>\n<\/div>\n<\/div>\n<p>[\/vc_column_text][\/vc_column][vc_column column_width_percent=&#8221;100&#8243; gutter_size=&#8221;3&#8243; style=&#8221;light&#8221; overlay_alpha=&#8221;50&#8243; shift_x=&#8221;0&#8243; shift_y=&#8221;0&#8243; shift_y_down=&#8221;0&#8243; z_index=&#8221;0&#8243; medium_width=&#8221;0&#8243; mobile_width=&#8221;0&#8243; width=&#8221;1\/3&#8243; uncode_shortcode_id=&#8221;715829&#8243;][\/vc_column][\/vc_row]<\/p>\n<\/div>","protected":false},"excerpt":{"rendered":"<p>[vc_row unlock_row_content=&#8221;yes&#8221; row_height_percent=&#8221;0&#8243; override_padding=&#8221;yes&#8221; h_padding=&#8221;0&#8243; top_padding=&#8221;0&#8243; bottom_padding=&#8221;0&#8243; overlay_alpha=&#8221;50&#8243; gutter_size=&#8221;0&#8243; column_width_percent=&#8221;100&#8243; shift_y=&#8221;0&#8243; z_index=&#8221;0&#8243; auto_height_device=&#8221;yes&#8221; uncode_shortcode_id=&#8221;206883&#8243;][vc_column width=&#8221;1\/1&#8243;][vc_raw_html]JTNDZGl2JTIwc3R5bGUlM0QlMjJwYWRkaW5nJTNBNTYuMjUlMjUlMjAwJTIwMCUyMDAlM0Jwb3NpdGlvbiUzQXJlbGF0aXZlJTNCJTIyJTNFJTNDaWZyYW1lJTIwc3JjJTNEJTIyaHR0cHMlM0ElMkYlMkZwbGF5ZXIudmltZW8uY29tJTJGdmlkZW8lMkY3NDgwMTIxMjQlM0ZoJTNENGZhMDcwOGQzYSUyNmFtcCUzQmJhZGdlJTNEMCUyNmFtcCUzQmF1dG9wYXVzZSUzRDAlMjZhbXAlM0JwbGF5ZXJfaWQlM0QwJTI2YW1wJTNCYXBwX2lkJTNENTg0NzklMjIlMjBmcmFtZWJvcmRlciUzRCUyMjAlMjIlMjBhbGxvdyUzRCUyMmF1dG9wbGF5JTNCJTIwZnVsbHNjcmVlbiUzQiUyMHBpY3R1cmUtaW4tcGljdHVyZSUyMiUyMGFsbG93ZnVsbHNjcmVlbiUyMHN0eWxlJTNEJTIycG9zaXRpb24lM0FhYnNvbHV0ZSUzQnRvcCUzQTAlM0JsZWZ0JTNBMCUzQndpZHRoJTNBMTAwJTI1JTNCaGVpZ2h0JTNBMTAwJTI1JTNCJTIyJTIwdGl0bGUlM0QlMjJDQVBJVEFFUyUyMERPJTIwQUNVQ0FSX1RSQUlMRVIlMjIlM0UlM0MlMkZpZnJhbWUlM0UlM0MlMkZkaXYlM0UlM0NzY3JpcHQlMjBzcmMlM0QlMjJodHRwcyUzQSUyRiUyRnBsYXllci52aW1lby5jb20lMkZhcGklMkZwbGF5ZXIuanMlMjIlM0UlM0MlMkZzY3JpcHQlM0U=[\/vc_raw_html][\/vc_column][\/vc_row][vc_row unlock_row_content=&#8221;yes&#8221; row_height_percent=&#8221;0&#8243; override_padding=&#8221;yes&#8221; h_padding=&#8221;5&#8243; top_padding=&#8221;2&#8243; [&hellip;]<\/p>\n","protected":false},"author":1,"featured_media":0,"parent":104816,"menu_order":0,"comment_status":"closed","ping_status":"closed","template":"","meta":{"footnotes":"","_links_to":"","_links_to_target":""},"class_list":["post-104846","page","type-page","status-publish","hentry"],"_links":{"self":[{"href":"https:\/\/mariaemayer.com\/en\/wp-json\/wp\/v2\/pages\/104846","targetHints":{"allow":["GET"]}}],"collection":[{"href":"https:\/\/mariaemayer.com\/en\/wp-json\/wp\/v2\/pages"}],"about":[{"href":"https:\/\/mariaemayer.com\/en\/wp-json\/wp\/v2\/types\/page"}],"author":[{"embeddable":true,"href":"https:\/\/mariaemayer.com\/en\/wp-json\/wp\/v2\/users\/1"}],"replies":[{"embeddable":true,"href":"https:\/\/mariaemayer.com\/en\/wp-json\/wp\/v2\/comments?post=104846"}],"version-history":[{"count":2,"href":"https:\/\/mariaemayer.com\/en\/wp-json\/wp\/v2\/pages\/104846\/revisions"}],"predecessor-version":[{"id":104881,"href":"https:\/\/mariaemayer.com\/en\/wp-json\/wp\/v2\/pages\/104846\/revisions\/104881"}],"up":[{"embeddable":true,"href":"https:\/\/mariaemayer.com\/en\/wp-json\/wp\/v2\/pages\/104816"}],"wp:attachment":[{"href":"https:\/\/mariaemayer.com\/en\/wp-json\/wp\/v2\/media?parent=104846"}],"curies":[{"name":"wp","href":"https:\/\/api.w.org\/{rel}","templated":true}]}}